{"id":235,"date":"2019-06-09T12:52:30","date_gmt":"2019-06-09T12:52:30","guid":{"rendered":"http:\/\/localhost\/execoore\/?page_id=235"},"modified":"2022-07-24T17:28:44","modified_gmt":"2022-07-24T17:28:44","slug":"gallery","status":"publish","type":"page","link":"https:\/\/crypto-need.ch\/?page_id=235","title":{"rendered":"Impressum"},"content":{"rendered":"<p>{&#8222;main-title&#8220;:{&#8222;component&#8220;:&#8220;hc_title&#8220;,&#8220;id&#8220;:&#8220;main-title&#8220;,&#8220;title&#8220;:&#8220;&#8220;,&#8220;subtitle&#8220;:&#8220;IMPRESSUM &#038; HAFTUNGSAUSSCHLUSS&#8220;,&#8220;title_content&#8220;:{&#8222;component&#8220;:&#8220;hc_title_image&#8220;,&#8220;id&#8220;:&#8220;title-image&#8220;,&#8220;image&#8220;:&#8220;https:\/\/crypto-need.ch\/wp-content\/uploads\/2022\/07\/section_imprint-1024&#215;267.jpg|500|1920|1040506&#8243;,&#8220;full_screen&#8220;:true,&#8220;full_screen_height&#8220;:&#8220;&#8220;,&#8220;parallax&#8220;:true,&#8220;bleed&#8220;:&#8220;&#8220;,&#8220;ken_burn&#8220;:&#8220;ken-burn-center&#8220;,&#8220;breadcrumbs&#8220;:true,&#8220;light&#8220;:true,&#8220;alignment&#8220;:&#8220;&#8220;}},&#8220;section_5ZtkF&#8220;:{&#8222;component&#8220;:&#8220;hc_section&#8220;,&#8220;id&#8220;:&#8220;section_5ZtkF&#8220;,&#8220;section_width&#8220;:&#8220;&#8220;,&#8220;animation&#8220;:&#8220;&#8220;,&#8220;animation_time&#8220;:&#8220;&#8220;,&#8220;timeline_animation&#8220;:&#8220;&#8220;,&#8220;timeline_delay&#8220;:&#8220;&#8220;,&#8220;timeline_order&#8220;:&#8220;&#8220;,&#8220;vertical_row&#8220;:&#8220;&#8220;,&#8220;css_classes&#8220;:&#8220;&#8220;,&#8220;custom_css_classes&#8220;:&#8220;&#8220;,&#8220;custom_css_styles&#8220;:&#8220;&#8220;,&#8220;section_content&#8220;:[{&#8222;component&#8220;:&#8220;hc_column&#8220;,&#8220;id&#8220;:&#8220;column_wtR1I&#8220;,&#8220;column_width&#8220;:&#8220;col-md-12&#8243;,&#8220;animation&#8220;:&#8220;&#8220;,&#8220;animation_time&#8220;:&#8220;&#8220;,&#8220;timeline_animation&#8220;:&#8220;&#8220;,&#8220;timeline_delay&#8220;:&#8220;&#8220;,&#8220;timeline_order&#8220;:&#8220;&#8220;,&#8220;css_classes&#8220;:&#8220;&#8220;,&#8220;custom_css_classes&#8220;:&#8220;&#8220;,&#8220;custom_css_styles&#8220;:&#8220;&#8220;,&#8220;main_content&#8220;:[{&#8222;component&#8220;:&#8220;hc_title_tag&#8220;,&#8220;id&#8220;:&#8220;VyMtg&#8220;,&#8220;css_classes&#8220;:&#8220;&#8220;,&#8220;custom_css_classes&#8220;:&#8220;&#8220;,&#8220;custom_css_styles&#8220;:&#8220;&#8220;,&#8220;text&#8220;:&#8220;IMPRESSUM &#038; HAFTUNGSAUSSCHLUSS&#8220;,&#8220;tag&#8220;:&#8220;h2&#8243;},{&#8222;component&#8220;:&#8220;hc_text_block&#8220;,&#8220;id&#8220;:&#8220;EqpoH&#8220;,&#8220;css_classes&#8220;:&#8220;&#8220;,&#8220;custom_css_classes&#8220;:&#8220;&#8220;,&#8220;custom_css_styles&#8220;:&#8220;&#8220;,&#8220;content&#8220;:&#8220;<\/p>\n<p>cryptoneed<br \/>Brunnmatt 11<br \/>6330 Cham<br \/>Schweiz<br \/><strong>E-Mail<\/strong>: info@crypto-need.ch<\/p>\n<p><strong>Vertretungsberechtigte Personen<\/strong><br \/>Andreas Jauch, Gesch\u00e4ftsf\u00fchrender Partner<br \/>Joel B\u00fcrkli, Gesch\u00e4ftsf\u00fchrender Partner<\/p>\n<p><strong>Name des Unternehmens<\/strong>: cryptoneed<br \/><strong>Registrationsnummer<\/strong>: CHE-348.747.168<br \/><strong>Umsatzsteuer-Identifikationsnummer<\/strong>: CHE-348.747.168 MWST<\/p>\n<p><strong>Haftungsausschluss<\/strong><br \/>Der Autor \u00fcbernimmt keine Gew\u00e4hr f\u00fcr die Richtigkeit, Genauigkeit, Aktualit\u00e4t, Zuverl\u00e4ssigkeit und Vollst\u00e4ndigkeit der Informationen.<br \/>Haftungsanspr\u00fcche gegen den Autor wegen Sch\u00e4den materieller oder immaterieller Art, die aus dem Zugriff oder der Nutzung bzw. Nichtnutzung der ver\u00f6ffentlichten Informationen, durch Missbrauch der Verbindung oder durch technische St\u00f6rungen entstanden sind, werden ausgeschlossen.<\/p>\n<p>Alle Angebote sind freibleibend. Der Autor beh\u00e4lt es sich ausdr\u00fccklich vor, Teile der Seiten oder das gesamte Angebot ohne gesonderte Ank\u00fcndigung zu ver\u00e4ndern, zu erg\u00e4nzen, zu l\u00f6schen oder die Ver\u00f6ffentlichung zeitweise oder endg\u00fcltig einzustellen.<\/p>\n<p><strong>Haftungsausschluss f\u00fcr Inhalte und Links<\/strong><br \/>Verweise und Links auf Webseiten Dritter liegen ausserhalb unseres Verantwortungsbereichs. Es wird jegliche Verantwortung f\u00fcr solche Webseiten abgelehnt. Der Zugriff und die Nutzung solcher Webseiten erfolgen auf eigene Gefahr des jeweiligen Nutzers.<\/p>\n<p><strong>Urheberrechtserkl\u00e4rung<\/strong><br \/>Die Urheber- und alle anderen Rechte an Inhalten, Bildern, Fotos oder anderen Dateien auf dieser Website, geh\u00f6ren ausschliesslich cryptoneed oder den speziell genannten Rechteinhabern. F\u00fcr die Reproduktion jeglicher Elemente ist die schriftliche Zustimmung des Urheberrechtstr\u00e4gers im Voraus einzuholen.<\/p>\n<p><strong>Quelle<\/strong>: <a style='color:inherit;text-decoration:none;' href='https:\/\/brainbox.swiss\/'>BrainBox Solutions<\/a><\/p>\n<p>&#8222;}]}],&#8220;section_settings&#8220;:&#8220;&#8220;},&#8220;scripts&#8220;:{&#8222;parallax&#8220;:&#8220;parallax.min.js&#8220;},&#8220;css&#8220;:{},&#8220;css_page&#8220;:&#8220;&#8220;,&#8220;template_setting&#8220;:{},&#8220;template_setting_top&#8220;:{},&#8220;page_setting&#8220;:{&#8222;settings&#8220;:[&#8222;lock-mode-off&#8220;]}}<\/p>\n","protected":false},"excerpt":{"rendered":"<p>{&#8222;main-title&#8220;:{&#8222;component&#8220;:&#8220;hc_title&#8220;,&#8220;id&#8220;:&#8220;main-title&#8220;,&#8220;title&#8220;:&#8220;&#8220;,&#8220;subtitle&#8220;:&#8220;IMPRESSUM &#038; HAFTUNGSAUSSCHLUSS&#8220;,&#8220;title_content&#8220;:{&#8222;component&#8220;:&#8220;hc_title_image&#8220;,&#8220;id&#8220;:&#8220;title-image&#8220;,&#8220;image&#8220;:&#8220;https:\/\/crypto-need.ch\/wp-content\/uploads\/2022\/07\/section_imprint-1024&#215;267.jpg|500|1920|1040506&#8243;,&#8220;full_screen&#8220;:true,&#8220;full_screen_height&#8220;:&#8220;&#8220;,&#8220;parallax&#8220;:true,&#8220;bleed&#8220;:&#8220;&#8220;,&#8220;ken_burn&#8220;:&#8220;ken-burn-center&#8220;,&#8220;breadcrumbs&#8220;:true,&#8220;light&#8220;:true,&#8220;alignment&#8220;:&#8220;&#8220;}},&#8220;section_5ZtkF&#8220;:{&#8222;component&#8220;:&#8220;hc_section&#8220;,&#8220;id&#8220;:&#8220;section_5ZtkF&#8220;,&#8220;section_width&#8220;:&#8220;&#8220;,&#8220;animation&#8220;:&#8220;&#8220;,&#8220;animation_time&#8220;:&#8220;&#8220;,&#8220;timeline_animation&#8220;:&#8220;&#8220;,&#8220;timeline_delay&#8220;:&#8220;&#8220;,&#8220;timeline_order&#8220;:&#8220;&#8220;,&#8220;vertical_row&#8220;:&#8220;&#8220;,&#8220;css_classes&#8220;:&#8220;&#8220;,&#8220;custom_css_classes&#8220;:&#8220;&#8220;,&#8220;custom_css_styles&#8220;:&#8220;&#8220;,&#8220;section_content&#8220;:[{&#8222;component&#8220;:&#8220;hc_column&#8220;,&#8220;id&#8220;:&#8220;column_wtR1I&#8220;,&#8220;column_width&#8220;:&#8220;col-md-12&#8243;,&#8220;animation&#8220;:&#8220;&#8220;,&#8220;animation_time&#8220;:&#8220;&#8220;,&#8220;timeline_animation&#8220;:&#8220;&#8220;,&#8220;timeline_delay&#8220;:&#8220;&#8220;,&#8220;timeline_order&#8220;:&#8220;&#8220;,&#8220;css_classes&#8220;:&#8220;&#8220;,&#8220;custom_css_classes&#8220;:&#8220;&#8220;,&#8220;custom_css_styles&#8220;:&#8220;&#8220;,&#8220;main_content&#8220;:[{&#8222;component&#8220;:&#8220;hc_title_tag&#8220;,&#8220;id&#8220;:&#8220;VyMtg&#8220;,&#8220;css_classes&#8220;:&#8220;&#8220;,&#8220;custom_css_classes&#8220;:&#8220;&#8220;,&#8220;custom_css_styles&#8220;:&#8220;&#8220;,&#8220;text&#8220;:&#8220;IMPRESSUM &#038; HAFTUNGSAUSSCHLUSS&#8220;,&#8220;tag&#8220;:&#8220;h2&#8243;},{&#8222;component&#8220;:&#8220;hc_text_block&#8220;,&#8220;id&#8220;:&#8220;EqpoH&#8220;,&#8220;css_classes&#8220;:&#8220;&#8220;,&#8220;custom_css_classes&#8220;:&#8220;&#8220;,&#8220;custom_css_styles&#8220;:&#8220;&#8220;,&#8220;content&#8220;:&#8220; cryptoneedBrunnmatt 116330 ChamSchweizE-Mail: info@crypto-need.ch Vertretungsberechtigte PersonenAndreas Jauch, Gesch\u00e4ftsf\u00fchrender PartnerJoel B\u00fcrkli, Gesch\u00e4ftsf\u00fchrender Partner Name des Unternehmens: cryptoneedRegistrationsnummer: CHE-348.747.168Umsatzsteuer-Identifikationsnummer: CHE-348.747.168 MWST HaftungsausschlussDer Autor \u00fcbernimmt keine Gew\u00e4hr f\u00fcr die Richtigkeit, Genauigkeit, Aktualit\u00e4t, Zuverl\u00e4ssigkeit und Vollst\u00e4ndigkeit der Informationen.Haftungsanspr\u00fcche gegen den Autor wegen Sch\u00e4den materieller oder immaterieller Art, die aus dem Zugriff oder der Nutzung [&hellip;]<\/p>\n","protected":false},"author":1,"featured_media":0,"parent":0,"menu_order":0,"comment_status":"closed","ping_status":"closed","template":"","meta":{"footnotes":""},"class_list":["post-235","page","type-page","status-publish","hentry"],"_links":{"self":[{"href":"https:\/\/crypto-need.ch\/index.php?rest_route=\/wp\/v2\/pages\/235","targetHints":{"allow":["GET"]}}],"collection":[{"href":"https:\/\/crypto-need.ch\/index.php?rest_route=\/wp\/v2\/pages"}],"about":[{"href":"https:\/\/crypto-need.ch\/index.php?rest_route=\/wp\/v2\/types\/page"}],"author":[{"embeddable":true,"href":"https:\/\/crypto-need.ch\/index.php?rest_route=\/wp\/v2\/users\/1"}],"replies":[{"embeddable":true,"href":"https:\/\/crypto-need.ch\/index.php?rest_route=%2Fwp%2Fv2%2Fcomments&post=235"}],"version-history":[{"count":10,"href":"https:\/\/crypto-need.ch\/index.php?rest_route=\/wp\/v2\/pages\/235\/revisions"}],"predecessor-version":[{"id":1040514,"href":"https:\/\/crypto-need.ch\/index.php?rest_route=\/wp\/v2\/pages\/235\/revisions\/1040514"}],"wp:attachment":[{"href":"https:\/\/crypto-need.ch\/index.php?rest_route=%2Fwp%2Fv2%2Fmedia&parent=235"}],"curies":[{"name":"wp","href":"https:\/\/api.w.org\/{rel}","templated":true}]}}